{"id":16122,"date":"2019-09-18T23:22:10","date_gmt":"2019-09-19T04:22:10","guid":{"rendered":"http:\/\/santamargarita.edu.pe\/web3\/?page_id=16122"},"modified":"2023-10-30T14:10:13","modified_gmt":"2023-10-30T19:10:13","slug":"alumnos-protagonistas","status":"publish","type":"page","link":"https:\/\/santamargarita.edu.pe\/web3\/alumnos-protagonistas\/","title":{"rendered":"Liderazgo para el servicio"},"content":{"rendered":"<div id=\"cmsmasters_row_95ag5uktw\" class=\"cmsmasters_row cmsmasters_color_scheme_default cmsmasters_row_top_default cmsmasters_row_bot_default cmsmasters_row_boxed\">\n<div class=\"cmsmasters_row_outer_parent\">\n<div class=\"cmsmasters_row_outer\">\n<div class=\"cmsmasters_row_inner\">\n<div class=\"cmsmasters_row_margin\">\n<div id=\"cmsmasters_column_zk5omchj7\" class=\"cmsmasters_column one_first\">\n<div class=\"cmsmasters_column_inner\"><div id=\"cmsmasters_heading_4wos9lwqux\" class=\"cmsmasters_heading_wrap cmsmasters_heading_align_center title-page\">\n\t<h1 class=\"cmsmasters_heading\">Liderazgo para el servicio <\/h1>\n<\/div>\n<\/div><\/div>\n<\/div>\n<\/div>\n<\/div>\n<\/div>\n<\/div>\n<div id=\"cmsmasters_row_wydyigzl9\" class=\"cmsmasters_row cmsmasters_color_scheme_default cmsmasters_row_top_default cmsmasters_row_bot_default cmsmasters_row_boxed\">\n<div class=\"cmsmasters_row_outer_parent\">\n<div class=\"cmsmasters_row_outer\">\n<div class=\"cmsmasters_row_inner\">\n<div class=\"cmsmasters_row_margin\">\n<div id=\"cmsmasters_column_k09ot8ac8c\" class=\"cmsmasters_column one_first\">\n<div class=\"cmsmasters_column_inner\"><div id=\"cmsmasters_heading_9u20n0fg7d\" class=\"cmsmasters_heading_wrap cmsmasters_heading_align_center\">\n\t<h5 class=\"cmsmasters_heading\">Preparamos a los alumnos para que ejerzan el liderazgo en su familia, en su entorno social o en su vida laboral; es decir, para que asuman con responsabilidad su condici\u00f3n de l\u00edderes del presente y pioneros del cambio.<\/h5>\n<\/div>\n<\/div><\/div>\n<\/div>\n<\/div>\n<\/div>\n<\/div>\n<\/div>\n<div id=\"cmsmasters_row_5gvkg7ygcz\" class=\"cmsmasters_row cmsmasters_color_scheme_default cmsmasters_row_top_default cmsmasters_row_bot_default cmsmasters_row_boxed\">\n<div class=\"cmsmasters_row_outer_parent\">\n<div class=\"cmsmasters_row_outer\">\n<div class=\"cmsmasters_row_inner\">\n<div class=\"cmsmasters_row_margin\">\n<div id=\"cmsmasters_column_fq0w6b1hbr\" class=\"cmsmasters_column one_first\">\n<div class=\"cmsmasters_column_inner\"><div id=\"cmsmasters_heading_pn8q62i7qa\" class=\"cmsmasters_heading_wrap cmsmasters_heading_align_left\">\n\t<h2 class=\"cmsmasters_heading\">Cultura de Liderazgo<\/h2>\n<\/div><div class=\"cmsmasters_img  cmsmasters_image_l\"><img decoding=\"async\" src=\"https:\/\/santamargarita.edu.pe\/web3\/wp-content\/uploads\/2019\/09\/line.png\" \/><\/div>\n<\/div><\/div>\n<\/div>\n<\/div>\n<\/div>\n<\/div>\n<\/div>\n<div id=\"cmsmasters_row_rx54cy6ih\" class=\"cmsmasters_row cmsmasters_color_scheme_default cmsmasters_row_top_default cmsmasters_row_bot_default cmsmasters_row_boxed\">\n<div class=\"cmsmasters_row_outer_parent\">\n<div class=\"cmsmasters_row_outer\">\n<div class=\"cmsmasters_row_inner\">\n<div class=\"cmsmasters_row_margin\">\n<div id=\"cmsmasters_column_ono4w7zsk8\" class=\"cmsmasters_column one_half\">\n<div class=\"cmsmasters_column_inner\"><div class=\"cmsmasters_img  cmsmasters_image_n\"><img decoding=\"async\" src=\"https:\/\/santamargarita.edu.pe\/web3\/wp-content\/uploads\/2019\/11\/IMG_9083.jpg\" \/><\/div>\n<\/div><\/div>\n<div id=\"cmsmasters_column_2tz9ukg7zp\" class=\"cmsmasters_column one_half\">\n<div class=\"cmsmasters_column_inner\"><div class=\"cmsmasters_text text-white\">\n<p style=\"text-align: justify;\">Preparamos a nuestros estudiantes en sus relaciones de colaboraci\u00f3n y liderazgo. Para tal fin, en 6to de Primaria y I de Secundaria, como parte del curr\u00edculo oficial, llevan el curso de Desarrollo de Habilidades Directivas.<\/p>\n<p style=\"text-align: justify;\">Contamos tambi\u00e9n con PROSA (\u2018Promoviendo el Servicio entre los Alumnos\u2019) que es un programa de participaci\u00f3n y colaboraci\u00f3n estudiantil que se basa en el cuidado y en el respeto del alumno mayor hacia el menor.<\/p>\n<p style=\"text-align: justify;\">El liderazgo sin autonom\u00eda ni responsabilidad no es posible, por eso buscamos fomentar de diversas maneras las iniciativas de los alumnos y su participaci\u00f3n en la vida del colegio.<\/p>\n<\/div>\n<\/div><\/div>\n<\/div>\n<\/div>\n<\/div>\n<\/div>\n<\/div>\n<div id=\"cmsmasters_row_h99si29w8o\" class=\"cmsmasters_row cmsmasters_color_scheme_default cmsmasters_scroll_block cmsmasters_row_top_default cmsmasters_row_bot_default cmsmasters_row_boxed\">\n<div class=\"cmsmasters_row_outer_parent\">\n<div class=\"cmsmasters_row_outer\">\n<div class=\"cmsmasters_row_inner\">\n<div class=\"cmsmasters_row_margin\">\n<div id=\"cmsmasters_column_m1o9afg6lh\" class=\"cmsmasters_column one_half\">\n<div class=\"cmsmasters_column_inner\"><div id=\"cmsmasters_heading_vulg6hjx06\" class=\"cmsmasters_heading_wrap cmsmasters_heading_align_left\">\n\t<h2 class=\"cmsmasters_heading\">Prosa <\/h2>\n<\/div><div class=\"cmsmasters_img  cmsmasters_image_l\"><img decoding=\"async\" src=\"https:\/\/santamargarita.edu.pe\/web3\/wp-content\/uploads\/2019\/09\/line.png\" \/><\/div>\n<div id=\"cmsmasters_divider_zqzgljxqlf\" class=\"cl\"><\/div>\n<div class=\"cmsmasters_text text-blue\">\n<p style=\"text-align: justify;\">&#8216;Promoviendo el Servicio entre los Alumnos&#8217; es un estamento que impulsa diferentes espacios donde cada alumno puede ejercitarse en la toma de decisiones, el planteamiento de ideas, la organizaci\u00f3n y desarrollo de actividades y m\u00e1s.<\/p>\n<p style=\"text-align: justify;\">Contamos adem\u00e1s con el Cuerpo de Prefects, que es un grupo de estudiantes de 4to y 5to de Secundaria a trav\u00e9s de los cuales se canalizan diversas iniciativas internas y de car\u00e1cter internacional, como la organizaci\u00f3n del Modelo Cenit.<\/p>\n<\/div>\n<\/div><\/div>\n<div id=\"cmsmasters_column_1ss96b7may\" class=\"cmsmasters_column one_half\">\n<div class=\"cmsmasters_column_inner\"><div class=\"cmsmasters_img  cmsmasters_image_n\"><img decoding=\"async\" src=\"https:\/\/santamargarita.edu.pe\/web3\/wp-content\/uploads\/2019\/11\/img-cultura-liderazgo.jpg\" \/><\/div>\n<\/div><\/div>\n<\/div>\n<\/div>\n<\/div>\n<\/div>\n<\/div>\n<div id=\"cmsmasters_row_ngepm6uu0l\" class=\"cmsmasters_row cmsmasters_color_scheme_default video-1 cmsmasters_row_top_default cmsmasters_row_bot_default cmsmasters_row_boxed\">\n<div class=\"cmsmasters_row_outer_parent\">\n<div class=\"cmsmasters_row_outer\">\n<div class=\"cmsmasters_row_inner\">\n<div class=\"cmsmasters_row_margin\">\n<div id=\"cmsmasters_column_xyw8q6vn9\" class=\"cmsmasters_column one_first\">\n<div class=\"cmsmasters_column_inner\"><div class=\"custom_html\">\n<iframe loading=\"lazy\" width=\"100%\" height=\"600\" src=\"https:\/\/www.youtube-nocookie.com\/embed\/lZSlStFAVHk\" frameborder=\"0\" allow=\"accelerometer; autoplay; encrypted-media; gyroscope; picture-in-picture\" allowfullscreen><\/iframe>\n<\/div>\n<\/div><\/div>\n<\/div>\n<\/div>\n<\/div>\n<\/div>\n<\/div>\n<div id=\"cmsmasters_row_dul0l2jxt2\" class=\"cmsmasters_row cmsmasters_color_scheme_default cmsmasters_scroll_block cmsmasters_row_top_default cmsmasters_row_bot_default cmsmasters_row_boxed\">\n<div class=\"cmsmasters_row_outer_parent\">\n<div class=\"cmsmasters_row_outer\">\n<div class=\"cmsmasters_row_inner\">\n<div class=\"cmsmasters_row_margin\">\n<div id=\"cmsmasters_column_0o5ykchzg\" class=\"cmsmasters_column one_first\">\n<div class=\"cmsmasters_column_inner\"><div id=\"cmsmasters_heading_xgaawgx45l\" class=\"cmsmasters_heading_wrap cmsmasters_heading_align_left\">\n\t<h2 class=\"cmsmasters_heading\">Modelo Cenit<\/h2>\n<\/div><div class=\"cmsmasters_img  cmsmasters_image_l\"><img decoding=\"async\" src=\"https:\/\/santamargarita.edu.pe\/web3\/wp-content\/uploads\/2019\/09\/line.png\" \/><\/div>\n<\/div><\/div>\n<\/div>\n<\/div>\n<\/div>\n<\/div>\n<\/div>\n<div id=\"cmsmasters_row_2qpalzva6\" class=\"cmsmasters_row cmsmasters_color_scheme_default cmsmasters_row_top_default cmsmasters_row_bot_default cmsmasters_row_boxed\">\n<div class=\"cmsmasters_row_outer_parent\">\n<div class=\"cmsmasters_row_outer\">\n<div class=\"cmsmasters_row_inner\">\n<div class=\"cmsmasters_row_margin\">\n<div id=\"cmsmasters_column_zjkbowqv39\" class=\"cmsmasters_column one_half\">\n<div class=\"cmsmasters_column_inner\"><div class=\"cmsmasters_text\">\n<p>Es un foro internacional de debate de temas actuales e intercambio cultural que tiene como caracter\u00edstica principal que es organizado por los propios alumnos. Congrega delegaciones de diferentes pa\u00edses de la regi\u00f3n. Desde el a\u00f1o 2003 hasta la fecha, han participado del Modelo Cenit m\u00e1s de 5 mil alumnos, 800 docentes y 100 colegios. Tambi\u00e9n se realizan Modelos Cenit Regionales en distintas ciudades dentro y fuera del Per\u00fa.<\/p>\n<p>Vis\u00edtanos en:<\/p>\n<p>Web: <a href=\"http:\/\/cenit.org.pe\/\" target=\"_blank\" rel=\"noopener noreferrer\">cenit.org.pe<\/a><br \/>\nInstagram: <a href=\"https:\/\/www.instagram.com\/modelo_cenit\/\" target=\"_blank\" rel=\"noopener noreferrer\">Modelo Cenit<\/a><br \/>\nLinkedin: <a href=\"https:\/\/www.linkedin.com\/company\/modelo-cenit\/\">Modelo Cenit\u00a0<\/a><\/p>\n<\/div>\n<\/div><\/div>\n<div id=\"cmsmasters_column_kwk6kmrrus\" class=\"cmsmasters_column one_half\">\n<div class=\"cmsmasters_column_inner\"><div class=\"aligncenter\"><div class=\"cmsmasters_img  cmsmasters_image_c\"><img decoding=\"async\" src=\"https:\/\/santamargarita.edu.pe\/web3\/wp-content\/uploads\/2019\/11\/img-cenit.jpg\" \/><\/div><\/div>\n<\/div><\/div>\n<\/div>\n<\/div>\n<\/div>\n<\/div>\n<\/div>\n<div id=\"cmsmasters_row_vfr5o43og5\" class=\"cmsmasters_row cmsmasters_color_scheme_default cmsmasters_row_top_default cmsmasters_row_bot_default cmsmasters_row_boxed\">\n<div class=\"cmsmasters_row_outer_parent\">\n<div class=\"cmsmasters_row_outer\">\n<div class=\"cmsmasters_row_inner\">\n<div class=\"cmsmasters_row_margin\">\n<div id=\"cmsmasters_column_49kcl77bk\" class=\"cmsmasters_column one_first\">\n<div class=\"cmsmasters_column_inner\"><div id=\"cmsmasters_fb_w6elb2un2f\" class=\"cmsmasters_featured_block cmsmasters_featured_block_custom_cenit\">\n<div class=\"featured_block_inner\">\n<div class=\"featured_block_text\">\n<p style=\"text-align: center;\"><strong>\u00bfSab\u00edas que tambi\u00e9n participamos de otros Encuentros Interescolares de Liderazgo originados a partir del Modelo CENIT?<\/strong><\/p>\n<p style=\"text-align: center;\">Asistimos a encuentros de liderazgo escolar en Colombia, Argentina, M\u00e9xico, Ecuador, entre otros.<\/p>\n\n<\/div>\n<\/div>\n<\/div>\n<\/div><\/div>\n<\/div>\n<\/div>\n<\/div>\n<\/div>\n<\/div>\n<div id=\"cmsmasters_row_pv8xuzttb\" class=\"cmsmasters_row cmsmasters_color_scheme_default video-2 cmsmasters_row_top_default cmsmasters_row_bot_default cmsmasters_row_boxed\">\n<div class=\"cmsmasters_row_outer_parent\">\n<div class=\"cmsmasters_row_outer\">\n<div class=\"cmsmasters_row_inner\">\n<div class=\"cmsmasters_row_margin\">\n<div id=\"cmsmasters_column_d8wjcat2n\" class=\"cmsmasters_column one_first\">\n<div class=\"cmsmasters_column_inner\"><div class=\"custom_html\">\n<iframe loading=\"lazy\" width=\"100%\" height=\"600\" src=\"https:\/\/www.youtube-nocookie.com\/embed\/wki9bSlkbgU\" frameborder=\"0\" allow=\"accelerometer; autoplay; encrypted-media; gyroscope; picture-in-picture\" allowfullscreen><\/iframe>\n<\/div>\n<\/div><\/div>\n<\/div>\n<\/div>\n<\/div>\n<\/div>\n<\/div>\n<div id=\"cmsmasters_row_rh8g3cg0a8\" class=\"cmsmasters_row cmsmasters_color_scheme_default cmsmasters_scroll_block cmsmasters_row_top_default cmsmasters_row_bot_default cmsmasters_row_boxed\">\n<div class=\"cmsmasters_row_outer_parent\">\n<div class=\"cmsmasters_row_outer\">\n<div class=\"cmsmasters_row_inner\">\n<div class=\"cmsmasters_row_margin\">\n<div id=\"cmsmasters_column_loacwmaak\" class=\"cmsmasters_column one_first\">\n<div class=\"cmsmasters_column_inner\"><div id=\"cmsmasters_heading_fs8qq626ar\" class=\"cmsmasters_heading_wrap cmsmasters_heading_align_left\">\n\t<h2 class=\"cmsmasters_heading\">Manejo de la Educaci\u00f3n con Diversidad<\/h2>\n<\/div><div class=\"cmsmasters_img  cmsmasters_image_l\"><img decoding=\"async\" src=\"https:\/\/santamargarita.edu.pe\/web3\/wp-content\/uploads\/2019\/09\/line.png\" \/><\/div>\n<\/div><\/div>\n<\/div>\n<\/div>\n<\/div>\n<\/div>\n<\/div>\n<div id=\"cmsmasters_row_h3h21gvagc\" class=\"cmsmasters_row cmsmasters_color_scheme_default cmsmasters_row_top_default cmsmasters_row_bot_default cmsmasters_row_boxed\">\n<div class=\"cmsmasters_row_outer_parent\">\n<div class=\"cmsmasters_row_outer\">\n<div class=\"cmsmasters_row_inner\">\n<div class=\"cmsmasters_row_margin\">\n<div id=\"cmsmasters_column_5nbtjf7ctq\" class=\"cmsmasters_column one_first\">\n<div class=\"cmsmasters_column_inner\"><div class=\"cmsmasters_text text-blue\">\n<p style=\"text-align: justify;\">En nuestro colegio los alumnos tienen posibilidad de elegir ciertos cursos seg\u00fan sus intereses, lo cual genera resultados muy positivos pues promueve efectivamente su potencial:<\/p>\n<\/div>\n<\/div><\/div>\n<\/div>\n<\/div>\n<\/div>\n<\/div>\n<\/div>\n<div id=\"cmsmasters_row_yaedof45k5\" class=\"cmsmasters_row cmsmasters_color_scheme_default cmsmasters_row_top_default cmsmasters_row_bot_default cmsmasters_row_boxed\">\n<div class=\"cmsmasters_row_outer_parent\">\n<div class=\"cmsmasters_row_outer\">\n<div class=\"cmsmasters_row_inner\">\n<div class=\"cmsmasters_row_margin\">\n<div id=\"cmsmasters_column_d2a1qqj55l\" class=\"cmsmasters_column one_third\">\n<div class=\"cmsmasters_column_inner\"><div class=\"aligncenter\"><div class=\"cmsmasters_img  cmsmasters_image_c\"><img decoding=\"async\" src=\"https:\/\/santamargarita.edu.pe\/web3\/wp-content\/uploads\/2020\/01\/img-educacion-diversidad-v3.jpg\" \/><\/div><\/div>\n<\/div><\/div>\n<div id=\"cmsmasters_column_27uo1q74gr\" class=\"cmsmasters_column two_third\">\n<div class=\"cmsmasters_column_inner\"><div class=\"cmsmasters_text text-blue\">\n<ul>\n<li style=\"text-align: justify;\"><strong>Participaci\u00f3n Estudiantil<\/strong>: Ofrece diversos espacios para el crecimiento personal de cada alumno a trav\u00e9s del servicio, la presentaci\u00f3n de propuestas de mejora, la organizaci\u00f3n de actividades, entre otros.<\/li>\n<li style=\"text-align: justify;\"><strong>Previu<\/strong>: Ofrece cursos electivos como Iniciaci\u00f3n a la Vida Empresarial, Temas de Derecho, Matem\u00e1tica Aplicada, Programaci\u00f3n, Literatura Hispanoamericana, Historia del Arte, Leadership Skills, Current Affairs, English and the Media, Literary Culture, entre otros.<\/li>\n<li style=\"text-align: justify;\"><strong>Club Andando<\/strong>: Organiza actividades recreativas y solidarias de manera diferenciada entre chicos y chicas. Campamentos, veladas, bicicleteadas, reposter\u00eda, pel\u00edculas, visitas a lugares de inter\u00e9s y de ayuda social y mucho m\u00e1s aprovechando los tiempos libres.<\/li>\n<li style=\"text-align: justify;\"><strong>Well Done<\/strong>: Es el reconocimiento institucional al cumplimiento de nuestro lema \u2018Lo que debas hacer, hazlo bien\u2019. M\u00e1s que acad\u00e9mico, es actitudinal.<\/li>\n<li style=\"text-align: justify;\"><strong>Sellos de Grado<\/strong>: Cada Grado tiene un car\u00e1cter que lo distingue y se convierte en el eje central del trabajo formativo (virtudes) y acad\u00e9mico durante el a\u00f1o lectivo.<\/li>\n<li style=\"text-align: justify;\"><strong>Research<\/strong>: Los alumnos llevan este programa que permite profundizar en t\u00e9cnicas de investigaci\u00f3n y sustentaci\u00f3n de trabajos. Es la versi\u00f3n de una tesis colegial donde desarrollan un tema de su inter\u00e9s.<\/li>\n<li style=\"text-align: justify;\"><strong>Interviews<\/strong>: Son entrevistas personales y peri\u00f3dicas que permiten hacer un seguimiento puntual en el aprendizaje del idioma ingl\u00e9s para mejorar la fluidez oral y reforzar el uso correcto de la gram\u00e1tica y el vocabulario de este idioma.<\/li>\n<\/ul>\n<\/div>\n<\/div><\/div>\n<\/div>\n<\/div>\n<\/div>\n<\/div>\n<\/div>\n<div id=\"cmsmasters_row_ydafcr8f9n\" class=\"cmsmasters_row cmsmasters_color_scheme_default cmsmasters_row_top_default cmsmasters_row_bot_default cmsmasters_row_boxed\">\n<div class=\"cmsmasters_row_outer_parent\">\n<div class=\"cmsmasters_row_outer\">\n<div class=\"cmsmasters_row_inner\">\n<div class=\"cmsmasters_row_margin\">\n<div id=\"cmsmasters_column_eghjs5kq4h\" class=\"cmsmasters_column one_first\">\n<div class=\"cmsmasters_column_inner\"><div class=\"cmsmasters_text text-blue\">\n<p style=\"text-align: justify;\">Con esta estrategia se rompen los tercios t\u00edpicos de una clase y permite tener m\u00e1s informaci\u00f3n sobre el desempe\u00f1o de los alumnos para lograr as\u00ed un desarrollo integral de la persona.<\/p>\n<\/div>\n<\/div><\/div>\n<\/div>\n<\/div>\n<\/div>\n<\/div>\n<\/div>\n\n","protected":false},"excerpt":{"rendered":"","protected":false},"author":1,"featured_media":0,"parent":0,"menu_order":0,"comment_status":"closed","ping_status":"closed","template":"","meta":{"footnotes":""},"class_list":["post-16122","page","type-page","status-publish","hentry"],"yoast_head":"<!-- This site is optimized with the Yoast SEO plugin v26.8 - https:\/\/yoast.com\/product\/yoast-seo-wordpress\/ -->\n<title>Liderazgo para el servicio - Colegio Santa Margarita<\/title>\n<meta name=\"robots\" content=\"index, follow, max-snippet:-1, max-image-preview:large, max-video-preview:-1\" \/>\n<link rel=\"canonical\" href=\"https:\/\/santamargarita.edu.pe\/web3\/alumnos-protagonistas\/\" \/>\n<meta property=\"og:locale\" content=\"es_ES\" \/>\n<meta property=\"og:type\" content=\"article\" \/>\n<meta property=\"og:title\" content=\"Liderazgo para el servicio - Colegio Santa Margarita\" \/>\n<meta property=\"og:url\" content=\"https:\/\/santamargarita.edu.pe\/web3\/alumnos-protagonistas\/\" \/>\n<meta property=\"og:site_name\" content=\"Colegio Santa Margarita\" \/>\n<meta property=\"article:publisher\" content=\"https:\/\/www.facebook.com\/colegiosantamargaritaoficial\/\" \/>\n<meta property=\"article:modified_time\" content=\"2023-10-30T19:10:13+00:00\" \/>\n<meta name=\"twitter:card\" content=\"summary_large_image\" \/>\n<script type=\"application\/ld+json\" class=\"yoast-schema-graph\">{\"@context\":\"https:\/\/schema.org\",\"@graph\":[{\"@type\":\"WebPage\",\"@id\":\"https:\/\/santamargarita.edu.pe\/web3\/alumnos-protagonistas\/\",\"url\":\"https:\/\/santamargarita.edu.pe\/web3\/alumnos-protagonistas\/\",\"name\":\"Liderazgo para el servicio - Colegio Santa Margarita\",\"isPartOf\":{\"@id\":\"https:\/\/santamargarita.edu.pe\/web3\/#website\"},\"datePublished\":\"2019-09-19T04:22:10+00:00\",\"dateModified\":\"2023-10-30T19:10:13+00:00\",\"breadcrumb\":{\"@id\":\"https:\/\/santamargarita.edu.pe\/web3\/alumnos-protagonistas\/#breadcrumb\"},\"inLanguage\":\"es\",\"potentialAction\":[{\"@type\":\"ReadAction\",\"target\":[\"https:\/\/santamargarita.edu.pe\/web3\/alumnos-protagonistas\/\"]}]},{\"@type\":\"BreadcrumbList\",\"@id\":\"https:\/\/santamargarita.edu.pe\/web3\/alumnos-protagonistas\/#breadcrumb\",\"itemListElement\":[{\"@type\":\"ListItem\",\"position\":1,\"name\":\"Portada\",\"item\":\"https:\/\/santamargarita.edu.pe\/web3\/\"},{\"@type\":\"ListItem\",\"position\":2,\"name\":\"Liderazgo para el servicio\"}]},{\"@type\":\"WebSite\",\"@id\":\"https:\/\/santamargarita.edu.pe\/web3\/#website\",\"url\":\"https:\/\/santamargarita.edu.pe\/web3\/\",\"name\":\"Colegio Santa Margarita\",\"description\":\"Colegio de educaci&oacute;n Inicial, Primaria y Secundaria en Surco, Lima, Per&uacute;.\",\"publisher\":{\"@id\":\"https:\/\/santamargarita.edu.pe\/web3\/#organization\"},\"potentialAction\":[{\"@type\":\"SearchAction\",\"target\":{\"@type\":\"EntryPoint\",\"urlTemplate\":\"https:\/\/santamargarita.edu.pe\/web3\/?s={search_term_string}\"},\"query-input\":{\"@type\":\"PropertyValueSpecification\",\"valueRequired\":true,\"valueName\":\"search_term_string\"}}],\"inLanguage\":\"es\"},{\"@type\":\"Organization\",\"@id\":\"https:\/\/santamargarita.edu.pe\/web3\/#organization\",\"name\":\"Colegio Santa Margarita\",\"url\":\"https:\/\/santamargarita.edu.pe\/web3\/\",\"logo\":{\"@type\":\"ImageObject\",\"inLanguage\":\"es\",\"@id\":\"https:\/\/santamargarita.edu.pe\/web3\/#\/schema\/logo\/image\/\",\"url\":\"https:\/\/santamargarita.edu.pe\/web3\/wp-content\/uploads\/2023\/07\/escudosm_transp.png\",\"contentUrl\":\"https:\/\/santamargarita.edu.pe\/web3\/wp-content\/uploads\/2023\/07\/escudosm_transp.png\",\"width\":124,\"height\":137,\"caption\":\"Colegio Santa Margarita\"},\"image\":{\"@id\":\"https:\/\/santamargarita.edu.pe\/web3\/#\/schema\/logo\/image\/\"},\"sameAs\":[\"https:\/\/www.facebook.com\/colegiosantamargaritaoficial\/\",\"https:\/\/www.linkedin.com\/school\/santamargarita\/\"]}]}<\/script>\n<!-- \/ Yoast SEO plugin. -->","yoast_head_json":{"title":"Liderazgo para el servicio - Colegio Santa Margarita","robots":{"index":"index","follow":"follow","max-snippet":"max-snippet:-1","max-image-preview":"max-image-preview:large","max-video-preview":"max-video-preview:-1"},"canonical":"https:\/\/santamargarita.edu.pe\/web3\/alumnos-protagonistas\/","og_locale":"es_ES","og_type":"article","og_title":"Liderazgo para el servicio - Colegio Santa Margarita","og_url":"https:\/\/santamargarita.edu.pe\/web3\/alumnos-protagonistas\/","og_site_name":"Colegio Santa Margarita","article_publisher":"https:\/\/www.facebook.com\/colegiosantamargaritaoficial\/","article_modified_time":"2023-10-30T19:10:13+00:00","twitter_card":"summary_large_image","schema":{"@context":"https:\/\/schema.org","@graph":[{"@type":"WebPage","@id":"https:\/\/santamargarita.edu.pe\/web3\/alumnos-protagonistas\/","url":"https:\/\/santamargarita.edu.pe\/web3\/alumnos-protagonistas\/","name":"Liderazgo para el servicio - Colegio Santa Margarita","isPartOf":{"@id":"https:\/\/santamargarita.edu.pe\/web3\/#website"},"datePublished":"2019-09-19T04:22:10+00:00","dateModified":"2023-10-30T19:10:13+00:00","breadcrumb":{"@id":"https:\/\/santamargarita.edu.pe\/web3\/alumnos-protagonistas\/#breadcrumb"},"inLanguage":"es","potentialAction":[{"@type":"ReadAction","target":["https:\/\/santamargarita.edu.pe\/web3\/alumnos-protagonistas\/"]}]},{"@type":"BreadcrumbList","@id":"https:\/\/santamargarita.edu.pe\/web3\/alumnos-protagonistas\/#breadcrumb","itemListElement":[{"@type":"ListItem","position":1,"name":"Portada","item":"https:\/\/santamargarita.edu.pe\/web3\/"},{"@type":"ListItem","position":2,"name":"Liderazgo para el servicio"}]},{"@type":"WebSite","@id":"https:\/\/santamargarita.edu.pe\/web3\/#website","url":"https:\/\/santamargarita.edu.pe\/web3\/","name":"Colegio Santa Margarita","description":"Colegio de educaci&oacute;n Inicial, Primaria y Secundaria en Surco, Lima, Per&uacute;.","publisher":{"@id":"https:\/\/santamargarita.edu.pe\/web3\/#organization"},"potentialAction":[{"@type":"SearchAction","target":{"@type":"EntryPoint","urlTemplate":"https:\/\/santamargarita.edu.pe\/web3\/?s={search_term_string}"},"query-input":{"@type":"PropertyValueSpecification","valueRequired":true,"valueName":"search_term_string"}}],"inLanguage":"es"},{"@type":"Organization","@id":"https:\/\/santamargarita.edu.pe\/web3\/#organization","name":"Colegio Santa Margarita","url":"https:\/\/santamargarita.edu.pe\/web3\/","logo":{"@type":"ImageObject","inLanguage":"es","@id":"https:\/\/santamargarita.edu.pe\/web3\/#\/schema\/logo\/image\/","url":"https:\/\/santamargarita.edu.pe\/web3\/wp-content\/uploads\/2023\/07\/escudosm_transp.png","contentUrl":"https:\/\/santamargarita.edu.pe\/web3\/wp-content\/uploads\/2023\/07\/escudosm_transp.png","width":124,"height":137,"caption":"Colegio Santa Margarita"},"image":{"@id":"https:\/\/santamargarita.edu.pe\/web3\/#\/schema\/logo\/image\/"},"sameAs":["https:\/\/www.facebook.com\/colegiosantamargaritaoficial\/","https:\/\/www.linkedin.com\/school\/santamargarita\/"]}]}},"_links":{"self":[{"href":"https:\/\/santamargarita.edu.pe\/web3\/wp-json\/wp\/v2\/pages\/16122","targetHints":{"allow":["GET"]}}],"collection":[{"href":"https:\/\/santamargarita.edu.pe\/web3\/wp-json\/wp\/v2\/pages"}],"about":[{"href":"https:\/\/santamargarita.edu.pe\/web3\/wp-json\/wp\/v2\/types\/page"}],"author":[{"embeddable":true,"href":"https:\/\/santamargarita.edu.pe\/web3\/wp-json\/wp\/v2\/users\/1"}],"replies":[{"embeddable":true,"href":"https:\/\/santamargarita.edu.pe\/web3\/wp-json\/wp\/v2\/comments?post=16122"}],"version-history":[{"count":93,"href":"https:\/\/santamargarita.edu.pe\/web3\/wp-json\/wp\/v2\/pages\/16122\/revisions"}],"predecessor-version":[{"id":19244,"href":"https:\/\/santamargarita.edu.pe\/web3\/wp-json\/wp\/v2\/pages\/16122\/revisions\/19244"}],"wp:attachment":[{"href":"https:\/\/santamargarita.edu.pe\/web3\/wp-json\/wp\/v2\/media?parent=16122"}],"curies":[{"name":"wp","href":"https:\/\/api.w.org\/{rel}","templated":true}]}}