{"id":18656,"date":"2025-02-25T22:44:00","date_gmt":"2025-02-26T03:44:00","guid":{"rendered":"http:\/\/santamargarita.edu.pe\/web3\/?page_id=18656"},"modified":"2026-02-12T15:25:50","modified_gmt":"2026-02-12T20:25:50","slug":"solicitud-de-visita-guiada-test","status":"publish","type":"page","link":"https:\/\/santamargarita.edu.pe\/web3\/solicitud-de-visita-guiada-test\/","title":{"rendered":"Solicitud de Visita Guiada"},"content":{"rendered":"<div id=\"cmsmasters_row_dy8xja7uce\" class=\"cmsmasters_row cmsmasters_color_scheme_default cmsmasters_row_top_default cmsmasters_row_bot_default cmsmasters_row_boxed\">\n<div class=\"cmsmasters_row_outer_parent\">\n<div class=\"cmsmasters_row_outer\">\n<div class=\"cmsmasters_row_inner\">\n<div class=\"cmsmasters_row_margin\">\n<div id=\"cmsmasters_column_rx1p3imis\" class=\"cmsmasters_column one_first\">\n<div class=\"cmsmasters_column_inner\"><div id=\"cmsmasters_heading_rt9ieff13r\" class=\"cmsmasters_heading_wrap cmsmasters_heading_align_center title-page\">\n\t<h1 class=\"cmsmasters_heading\">Admisi\u00f3n a Prekinder <\/h1>\n<\/div>\n<\/div><\/div>\n<\/div>\n<\/div>\n<\/div>\n<\/div>\n<\/div>\n<div id=\"cmsmasters_row_ph31vrwzn7\" class=\"cmsmasters_row cmsmasters_color_scheme_default cmsmasters_row_top_default cmsmasters_row_bot_default cmsmasters_row_boxed\">\n<div class=\"cmsmasters_row_outer_parent\">\n<div class=\"cmsmasters_row_outer\">\n<div class=\"cmsmasters_row_inner\">\n<div class=\"cmsmasters_row_margin\">\n<div id=\"cmsmasters_column_t1unesn8ic\" class=\"cmsmasters_column one_first\">\n<div class=\"cmsmasters_column_inner\"><div id=\"cmsmasters_heading_sg4wu60gdp\" class=\"cmsmasters_heading_wrap cmsmasters_heading_align_center\">\n\t<h2 class=\"cmsmasters_heading\">Proceso de ingreso <\/h2>\n<\/div><div class=\"aligncenter\"><div class=\"cmsmasters_img  cmsmasters_image_c\"><img decoding=\"async\" src=\"https:\/\/santamargarita.edu.pe\/web3\/wp-content\/uploads\/2019\/09\/line.png\" \/><\/div><\/div>\n<div id=\"cmsmasters_divider_dhmof3kbo\" class=\"cl\"><\/div>\n<div class=\"cmsmasters_text justificar \">\n<p>En el Colegio Santa Margarita ofrecemos el servicio educativo a partir de Prekinder (ni\u00f1os con 4 a\u00f1os de edad, cumplidos a m\u00e1s tardar el 31 de marzo). Los procesos para el ingreso al Prekinder se realizan regularmente con<strong> dos a\u00f1os<\/strong> de anticipaci\u00f3n. Es requisito participar en una visita guiada para conocer el colegio y recibir informaci\u00f3n detallada. El tiempo de duraci\u00f3n es de aproximadamente 60 minutos. Se realiza preferentemente de lunes a viernes durante el horario escolar.<\/p>\n<p><span style=\"color: #17355e;\"><strong>Solicitud de Visita<\/strong><\/span><\/p>\n<p>Las familias interesadas en obtener informaci\u00f3n deber\u00e1n escribir a <a href=\"mailto:admision@santamargarita.edu.pe\">admision@santamargarita.edu.pe<\/a> indicando los nombres de los padres y del ni\u00f1o(a) con su fecha de nacimiento (si son mellizos, poner los datos del hermano(a) en la parte de \u2018hermanos\u2019). Cabe indicar que las vacantes se destinan prioritariamente a hermanos de alumnos, familiares del personal del colegio, hijos de exalumnos, postulantes recomendados por dos o tres padres de familia con hijos matriculados en nuestro colegio.<\/p>\n<p>El Comit\u00e9 de Admisi\u00f3n dar\u00e1 respuesta a las familias, sobre la solicitud, v\u00eda mail. No es responsabilidad del colegio si el correo de respuesta no llega a destino por bloqueos o filtros en los centros laborales, por alojamiento como spam o mensaje no deseado.<\/p>\n<h3><span style=\"color: #17355e;\"><strong>Admisi\u00f3n a Prekinder<\/strong><\/span><\/h3>\n<p><span style=\"color: #17355e;\"><strong>Proceso<\/strong><\/span><\/p>\n<p>El proceso de admisi\u00f3n se caracteriza por acoger y atender a cada familia de manera individual (no grupal).<\/p>\n<p><strong>-1ra fase.<\/strong>&#8211; Visita guiada, presentaci\u00f3n del formato Solicitud de Postulaci\u00f3n y respuesta del colegio.<\/p>\n<p><strong>-2da fase.<\/strong>&#8211; Pago por proceso de admisi\u00f3n, presentaci\u00f3n del formato Aceptaci\u00f3n de Postulaci\u00f3n, entrevista con el Comit\u00e9 de Admisi\u00f3n y respuesta del colegio.<\/p>\n<p>Para ambas fases apreciaremos tomar en cuenta que:<\/p>\n<ul>\n<li>La visita guiada y la entrevista de admisi\u00f3n tendr\u00e1n una fecha y horario inamovible.<\/li>\n<li>El m\u00e1ximo de tiempo de tolerancia que se esperar\u00e1 a los padres en ambos casos ser\u00e1 de 5 minutos sobre la hora se\u00f1alada; de lo contrario, su participaci\u00f3n se dar\u00e1 por cancelada y el proceso terminado.<\/li>\n<li>La asistencia de ambos padres es necesaria y conveniente.<\/li>\n<\/ul>\n<p>El costo por proceso de admisi\u00f3n es S\/400.00 (cuatrocientos soles). Es preciso se\u00f1alar que de obtener la vacante no hay reserva de matr\u00edcula.<\/p>\n<p><strong><span style=\"color: #17355e;\">Documentaci\u00f3n<\/span><\/strong><\/p>\n<p>Una vez terminada la 2da fase y aceptada la vacante por la familia, los documentos requeridos son:<\/p>\n<p><strong>Del ni\u00f1o(a):<\/strong><\/p>\n<ul>\n<li>Partida de nacimiento.<\/li>\n<li>Partida de bautizo*.<\/li>\n<li>DNI o carn\u00e9 de extranjer\u00eda.<\/li>\n<li>Una fotograf\u00eda carn\u00e9.<\/li>\n<li>Ficha \u00fanica de matr\u00edcula (con c\u00f3digo que debe generarse al ingresar al nido y se debe entregar en diciembre del a\u00f1o anterior al a\u00f1o de ingreso).<\/li>\n<\/ul>\n<p><strong>De los padres:<\/strong><\/p>\n<ul>\n<li>DNI o carn\u00e9 de extranjer\u00eda.<\/li>\n<li>Partidas de matrimonio civil y religioso*.<\/li>\n<li>Convenio familia-colegio debidamente firmado en dos copias.<\/li>\n<li>Constancia de no adeudo del nido o instituci\u00f3n educativa de procedencia.<\/li>\n<\/ul>\n<p>*Se presentan si cuentan con estos documentos.<\/p>\n<p><strong>Cuota de ingreso:<\/strong> US$7,000.00 (siete mil d\u00f3lares americanos). Actualmente la matr\u00edcula, que se cancela en febrero, y las pensiones, que se cancelan de marzo a noviembre, est\u00e1n en S\/2,270.00 soles. Los costos de matr\u00edcula y pensiones actualizados se informan a finales del a\u00f1o anterior al nuevo a\u00f1o acad\u00e9mico.<\/p>\n<p>&nbsp;<\/p>\n<p>&nbsp;<\/p>\n<p>&nbsp;<\/p>\n<\/div>\n<\/div><\/div>\n<\/div>\n<\/div>\n<\/div>\n<\/div>\n<\/div>\n\n","protected":false},"excerpt":{"rendered":"","protected":false},"author":1,"featured_media":0,"parent":0,"menu_order":0,"comment_status":"closed","ping_status":"closed","template":"","meta":{"footnotes":""},"class_list":["post-18656","page","type-page","status-publish","hentry"],"yoast_head":"<!-- This site is optimized with the Yoast SEO plugin v26.8 - https:\/\/yoast.com\/product\/yoast-seo-wordpress\/ -->\n<title>Solicitud de Visita Guiada - Colegio Santa Margarita<\/title>\n<meta name=\"robots\" content=\"noindex, nofollow\" \/>\n<meta property=\"og:locale\" content=\"es_ES\" \/>\n<meta property=\"og:type\" content=\"article\" \/>\n<meta property=\"og:title\" content=\"Solicitud de Visita Guiada - Colegio Santa Margarita\" \/>\n<meta property=\"og:url\" content=\"https:\/\/santamargarita.edu.pe\/web3\/solicitud-de-visita-guiada-test\/\" \/>\n<meta property=\"og:site_name\" content=\"Colegio Santa Margarita\" \/>\n<meta property=\"article:publisher\" content=\"https:\/\/www.facebook.com\/colegiosantamargaritaoficial\/\" \/>\n<meta property=\"article:modified_time\" content=\"2026-02-12T20:25:50+00:00\" \/>\n<meta name=\"twitter:card\" content=\"summary_large_image\" \/>\n<script type=\"application\/ld+json\" class=\"yoast-schema-graph\">{\"@context\":\"https:\/\/schema.org\",\"@graph\":[{\"@type\":\"WebPage\",\"@id\":\"https:\/\/santamargarita.edu.pe\/web3\/solicitud-de-visita-guiada-test\/\",\"url\":\"https:\/\/santamargarita.edu.pe\/web3\/solicitud-de-visita-guiada-test\/\",\"name\":\"Solicitud de Visita Guiada - Colegio Santa Margarita\",\"isPartOf\":{\"@id\":\"https:\/\/santamargarita.edu.pe\/web3\/#website\"},\"datePublished\":\"2025-02-26T03:44:00+00:00\",\"dateModified\":\"2026-02-12T20:25:50+00:00\",\"breadcrumb\":{\"@id\":\"https:\/\/santamargarita.edu.pe\/web3\/solicitud-de-visita-guiada-test\/#breadcrumb\"},\"inLanguage\":\"es\",\"potentialAction\":[{\"@type\":\"ReadAction\",\"target\":[\"https:\/\/santamargarita.edu.pe\/web3\/solicitud-de-visita-guiada-test\/\"]}]},{\"@type\":\"BreadcrumbList\",\"@id\":\"https:\/\/santamargarita.edu.pe\/web3\/solicitud-de-visita-guiada-test\/#breadcrumb\",\"itemListElement\":[{\"@type\":\"ListItem\",\"position\":1,\"name\":\"Portada\",\"item\":\"https:\/\/santamargarita.edu.pe\/web3\/\"},{\"@type\":\"ListItem\",\"position\":2,\"name\":\"Solicitud de Visita Guiada\"}]},{\"@type\":\"WebSite\",\"@id\":\"https:\/\/santamargarita.edu.pe\/web3\/#website\",\"url\":\"https:\/\/santamargarita.edu.pe\/web3\/\",\"name\":\"Colegio Santa Margarita\",\"description\":\"Colegio de educaci&oacute;n Inicial, Primaria y Secundaria en Surco, Lima, Per&uacute;.\",\"publisher\":{\"@id\":\"https:\/\/santamargarita.edu.pe\/web3\/#organization\"},\"potentialAction\":[{\"@type\":\"SearchAction\",\"target\":{\"@type\":\"EntryPoint\",\"urlTemplate\":\"https:\/\/santamargarita.edu.pe\/web3\/?s={search_term_string}\"},\"query-input\":{\"@type\":\"PropertyValueSpecification\",\"valueRequired\":true,\"valueName\":\"search_term_string\"}}],\"inLanguage\":\"es\"},{\"@type\":\"Organization\",\"@id\":\"https:\/\/santamargarita.edu.pe\/web3\/#organization\",\"name\":\"Colegio Santa Margarita\",\"url\":\"https:\/\/santamargarita.edu.pe\/web3\/\",\"logo\":{\"@type\":\"ImageObject\",\"inLanguage\":\"es\",\"@id\":\"https:\/\/santamargarita.edu.pe\/web3\/#\/schema\/logo\/image\/\",\"url\":\"https:\/\/santamargarita.edu.pe\/web3\/wp-content\/uploads\/2023\/07\/escudosm_transp.png\",\"contentUrl\":\"https:\/\/santamargarita.edu.pe\/web3\/wp-content\/uploads\/2023\/07\/escudosm_transp.png\",\"width\":124,\"height\":137,\"caption\":\"Colegio Santa Margarita\"},\"image\":{\"@id\":\"https:\/\/santamargarita.edu.pe\/web3\/#\/schema\/logo\/image\/\"},\"sameAs\":[\"https:\/\/www.facebook.com\/colegiosantamargaritaoficial\/\",\"https:\/\/www.linkedin.com\/school\/santamargarita\/\"]}]}<\/script>\n<!-- \/ Yoast SEO plugin. -->","yoast_head_json":{"title":"Solicitud de Visita Guiada - Colegio Santa Margarita","robots":{"index":"noindex","follow":"nofollow"},"og_locale":"es_ES","og_type":"article","og_title":"Solicitud de Visita Guiada - Colegio Santa Margarita","og_url":"https:\/\/santamargarita.edu.pe\/web3\/solicitud-de-visita-guiada-test\/","og_site_name":"Colegio Santa Margarita","article_publisher":"https:\/\/www.facebook.com\/colegiosantamargaritaoficial\/","article_modified_time":"2026-02-12T20:25:50+00:00","twitter_card":"summary_large_image","schema":{"@context":"https:\/\/schema.org","@graph":[{"@type":"WebPage","@id":"https:\/\/santamargarita.edu.pe\/web3\/solicitud-de-visita-guiada-test\/","url":"https:\/\/santamargarita.edu.pe\/web3\/solicitud-de-visita-guiada-test\/","name":"Solicitud de Visita Guiada - Colegio Santa Margarita","isPartOf":{"@id":"https:\/\/santamargarita.edu.pe\/web3\/#website"},"datePublished":"2025-02-26T03:44:00+00:00","dateModified":"2026-02-12T20:25:50+00:00","breadcrumb":{"@id":"https:\/\/santamargarita.edu.pe\/web3\/solicitud-de-visita-guiada-test\/#breadcrumb"},"inLanguage":"es","potentialAction":[{"@type":"ReadAction","target":["https:\/\/santamargarita.edu.pe\/web3\/solicitud-de-visita-guiada-test\/"]}]},{"@type":"BreadcrumbList","@id":"https:\/\/santamargarita.edu.pe\/web3\/solicitud-de-visita-guiada-test\/#breadcrumb","itemListElement":[{"@type":"ListItem","position":1,"name":"Portada","item":"https:\/\/santamargarita.edu.pe\/web3\/"},{"@type":"ListItem","position":2,"name":"Solicitud de Visita Guiada"}]},{"@type":"WebSite","@id":"https:\/\/santamargarita.edu.pe\/web3\/#website","url":"https:\/\/santamargarita.edu.pe\/web3\/","name":"Colegio Santa Margarita","description":"Colegio de educaci&oacute;n Inicial, Primaria y Secundaria en Surco, Lima, Per&uacute;.","publisher":{"@id":"https:\/\/santamargarita.edu.pe\/web3\/#organization"},"potentialAction":[{"@type":"SearchAction","target":{"@type":"EntryPoint","urlTemplate":"https:\/\/santamargarita.edu.pe\/web3\/?s={search_term_string}"},"query-input":{"@type":"PropertyValueSpecification","valueRequired":true,"valueName":"search_term_string"}}],"inLanguage":"es"},{"@type":"Organization","@id":"https:\/\/santamargarita.edu.pe\/web3\/#organization","name":"Colegio Santa Margarita","url":"https:\/\/santamargarita.edu.pe\/web3\/","logo":{"@type":"ImageObject","inLanguage":"es","@id":"https:\/\/santamargarita.edu.pe\/web3\/#\/schema\/logo\/image\/","url":"https:\/\/santamargarita.edu.pe\/web3\/wp-content\/uploads\/2023\/07\/escudosm_transp.png","contentUrl":"https:\/\/santamargarita.edu.pe\/web3\/wp-content\/uploads\/2023\/07\/escudosm_transp.png","width":124,"height":137,"caption":"Colegio Santa Margarita"},"image":{"@id":"https:\/\/santamargarita.edu.pe\/web3\/#\/schema\/logo\/image\/"},"sameAs":["https:\/\/www.facebook.com\/colegiosantamargaritaoficial\/","https:\/\/www.linkedin.com\/school\/santamargarita\/"]}]}},"_links":{"self":[{"href":"https:\/\/santamargarita.edu.pe\/web3\/wp-json\/wp\/v2\/pages\/18656","targetHints":{"allow":["GET"]}}],"collection":[{"href":"https:\/\/santamargarita.edu.pe\/web3\/wp-json\/wp\/v2\/pages"}],"about":[{"href":"https:\/\/santamargarita.edu.pe\/web3\/wp-json\/wp\/v2\/types\/page"}],"author":[{"embeddable":true,"href":"https:\/\/santamargarita.edu.pe\/web3\/wp-json\/wp\/v2\/users\/1"}],"replies":[{"embeddable":true,"href":"https:\/\/santamargarita.edu.pe\/web3\/wp-json\/wp\/v2\/comments?post=18656"}],"version-history":[{"count":11,"href":"https:\/\/santamargarita.edu.pe\/web3\/wp-json\/wp\/v2\/pages\/18656\/revisions"}],"predecessor-version":[{"id":19788,"href":"https:\/\/santamargarita.edu.pe\/web3\/wp-json\/wp\/v2\/pages\/18656\/revisions\/19788"}],"wp:attachment":[{"href":"https:\/\/santamargarita.edu.pe\/web3\/wp-json\/wp\/v2\/media?parent=18656"}],"curies":[{"name":"wp","href":"https:\/\/api.w.org\/{rel}","templated":true}]}}